{"id":3,"date":"2025-10-21T21:17:10","date_gmt":"2025-10-21T21:17:10","guid":{"rendered":"https:\/\/weblabcreators.com\/?page_id=3"},"modified":"2026-01-09T20:34:16","modified_gmt":"2026-01-09T20:34:16","slug":"politica-de-privacidad","status":"publish","type":"page","link":"https:\/\/weblabcreators.com\/es\/politica-de-privacidad\/","title":{"rendered":"Pol\u00edtica de Privacidad"},"content":{"rendered":"\t\t<div data-elementor-type=\"wp-page\" data-elementor-id=\"3\" class=\"elementor elementor-3\">\n\t\t\t\t<div class=\"elementor-element elementor-element-6bc09af5 e-flex e-con-boxed e-con e-parent\" data-id=\"6bc09af5\" data-element_type=\"container\" data-e-type=\"container\">\n\t\t\t\t\t<div class=\"e-con-inner\">\n\t\t\t\t<div class=\"elementor-element elementor-element-7fa7027c elementor-widget elementor-widget-text-editor\" data-id=\"7fa7027c\" data-element_type=\"widget\" data-e-type=\"widget\" data-widget_type=\"text-editor.default\">\n\t\t\t\t<div class=\"elementor-widget-container\">\n\t\t\t\t\t\t\t\t\t<p style=\"text-align: center;\"><strong>Pol\u00edtica de Privacidad\u00a0<\/strong><\/p><p>\u00a0<\/p><p>En <a href=\"http:\/\/www.weblabcreatros.com\" target=\"_blank\" rel=\"noopener\">www.weblabcreatros.com<\/a> nos comprometemos a proteger la privacidad de nuestros usuarios. Esta Pol\u00edtica de Privacidad explica c\u00f3mo recopilamos, usamos y protegemos la informaci\u00f3n personal que nos proporcionas.\u00a0<\/p><p>\u00a0<\/p><ul><li><strong>Informaci\u00f3n que recopilamos<\/strong><\/li><\/ul><p>Recopilamos informaci\u00f3n personal de forma voluntaria cuando te registras, comentas o te comunicas con nosotros. Esto puede incluir tu nombre, correo electr\u00f3nico y otros datos de contacto.\u00a0<\/p><p>Adem\u00e1s, utilizamos herramientas como Google Analytics y Google AdSense que pueden recopilar datos an\u00f3nimos como tu direcci\u00f3n IP, tipo de navegador, p\u00e1ginas visitadas y tiempo de permanencia.\u00a0<\/p><p>Tambi\u00e9n recopilamos datos personales para gestionar las compras y reservas de servicios realizadas a trav\u00e9s del sitio, incluyendo el nombre, correo electr\u00f3nico, datos de facturaci\u00f3n y comprobante de pago.\u00a0<\/p><p>\u00a0<\/p><ul><li><strong>Uso de la informaci\u00f3n<\/strong><\/li><\/ul><p>Usamos la informaci\u00f3n recopilada para:\u00a0<\/p><ul><li>Mejorar la experiencia del usuario\u00a0<\/li><\/ul><ul><li>Responder a tus consultas\u00a0<\/li><\/ul><ul><li>Enviar comunicaciones si as\u00ed lo aceptas\u00a0<\/li><\/ul><ul><li>Mostrar publicidad personalizada mediante Google AdSense\u00a0<\/li><\/ul><ul><li><strong>Cookies<\/strong><\/li><\/ul><p>Este sitio utiliza cookies para mejorar la experiencia del usuario. Puedes leer m\u00e1s sobre esto en nuestra\u00a0<a href=\"https:\/\/weblabcreators\/politica-de-cookies\/\" data-wplink-url-error=\"true\"><strong>Pol\u00edtica de Cookies<\/strong>.<\/a>\u00a0<\/p><p>\u00a0<\/p><ul><li><strong>Compartir informaci\u00f3n<\/strong><\/li><\/ul><p>No vendemos, alquilamos ni compartimos tu informaci\u00f3n personal con terceros, salvo cuando sea necesario para cumplir con la ley o procesos legales.\u00a0<\/p><p>Los pagos se procesan a trav\u00e9s de plataformas externas (Mercado Pago y PayPal). No almacenamos datos financieros ni de tarjetas de cr\u00e9dito en nuestro <a href=\"https:\/\/weblabcreators.com\/es\/marketing-de-contenidos-en-2026-analisis-datos-y-recomendaciones\/\">sitio web<\/a>. Cada plataforma tiene sus propias pol\u00edticas de privacidad, que recomendamos consultar.<\/p><p>\u00a0<\/p><ul><li><strong>Derechos del usuario<\/strong><\/li><\/ul><p>Tienes derecho a acceder, corregir o eliminar tu informaci\u00f3n personal. Para ejercer estos derechos, escr\u00edbenos a info@weblabcreators.com.<\/p><p>El titular de los datos personales tiene la facultad de ejercer el derecho de acceso a los mismos en forma gratuita a intervalos no inferiores a seis meses, salvo que se acredite un inter\u00e9s leg\u00edtimo conforme lo establecido en el art\u00edculo 14, inciso 3 de la Ley N\u00b0 25.326.\u00a0<\/p><p>La Agencia de Acceso a la Informaci\u00f3n P\u00fablica, \u00f3rgano de control de la Ley N\u00b0 25.326, tiene la atribuci\u00f3n de atender las denuncias y reclamos que se interpongan con relaci\u00f3n al incumplimiento de las normas sobre protecci\u00f3n de datos personales.\u00a0<\/p><p>\u00a0<\/p><ul><li><strong>Cambios en esta pol\u00edtica<\/strong><\/li><\/ul><p>Nos reservamos el derecho de modificar esta pol\u00edtica en cualquier momento. Los cambios se publicar\u00e1n en esta misma p\u00e1gina.\u00a0<\/p>\t\t\t\t\t\t\t\t<\/div>\n\t\t\t\t<\/div>\n\t\t\t\t\t<\/div>\n\t\t\t\t<\/div>\n\t\t\t\t<\/div>\n\t\t","protected":false},"excerpt":{"rendered":"<p>Pol\u00edtica de Privacidad\u00a0 En www.weblabcreatros.com nos comprometemos a proteger la privacidad de nuestros usuarios. Esta Pol\u00edtica de Privacidad explica c\u00f3mo recopilamos, usamos y protegemos la informaci\u00f3n personal que nos proporcionas. Informaci\u00f3n que recopilamos Recopilamos informaci\u00f3n personal de forma voluntaria cuando te registras, comentas o te comunicas con nosotros. Esto puede incluir tu nombre, correo electr\u00f3nico [&hellip;]<\/p>\n","protected":false},"author":1,"featured_media":0,"parent":0,"menu_order":0,"comment_status":"closed","ping_status":"open","template":"","meta":{"_uag_custom_page_level_css":"","site-sidebar-layout":"default","site-content-layout":"","ast-site-content-layout":"default","site-content-style":"default","site-sidebar-style":"default","ast-global-header-display":"","ast-banner-title-visibility":"","ast-main-header-display":"","ast-hfb-above-header-display":"","ast-hfb-below-header-display":"","ast-hfb-mobile-header-display":"","site-post-title":"disabled","ast-breadcrumbs-content":"","ast-featured-img":"","footer-sml-layout":"","theme-transparent-header-meta":"default","adv-header-id-meta":"","stick-header-meta":"","header-above-stick-meta":"","header-main-stick-meta":"","header-below-stick-meta":"","astra-migrate-meta-layouts":"set","ast-page-background-enabled":"default","ast-page-background-meta":{"desktop":{"background-color":"var(--ast-global-color-4)","background-image":"","background-repeat":"repeat","background-position":"center center","background-size":"auto","background-attachment":"scroll","background-type":"","background-media":"","overlay-type":"","overlay-color":"","overlay-opacity":"","overlay-gradient":""},"tablet":{"background-color":"","background-image":"","background-repeat":"repeat","background-position":"center center","background-size":"auto","background-attachment":"scroll","background-type":"","background-media":"","overlay-type":"","overlay-color":"","overlay-opacity":"","overlay-gradient":""},"mobile":{"background-color":"","background-image":"","background-repeat":"repeat","background-position":"center center","background-size":"auto","background-attachment":"scroll","background-type":"","background-media":"","overlay-type":"","overlay-color":"","overlay-opacity":"","overlay-gradient":""}},"ast-content-background-meta":{"desktop":{"background-color":"var(--ast-global-color-5)","background-image":"","background-repeat":"repeat","background-position":"center center","background-size":"auto","background-attachment":"scroll","background-type":"","background-media":"","overlay-type":"","overlay-color":"","overlay-opacity":"","overlay-gradient":""},"tablet":{"background-color":"var(--ast-global-color-5)","background-image":"","background-repeat":"repeat","background-position":"center center","background-size":"auto","background-attachment":"scroll","background-type":"","background-media":"","overlay-type":"","overlay-color":"","overlay-opacity":"","overlay-gradient":""},"mobile":{"background-color":"var(--ast-global-color-5)","background-image":"","background-repeat":"repeat","background-position":"center center","background-size":"auto","background-attachment":"scroll","background-type":"","background-media":"","overlay-type":"","overlay-color":"","overlay-opacity":"","overlay-gradient":""}},"footnotes":""},"class_list":["post-3","page","type-page","status-publish","hentry"],"_hostinger_reach_plugin_has_subscription_block":false,"_hostinger_reach_plugin_is_elementor":false,"uagb_featured_image_src":{"full":false,"thumbnail":false,"medium":false,"medium_large":false,"large":false,"1536x1536":false,"2048x2048":false,"trp-custom-language-flag":false},"uagb_author_info":{"display_name":"weblab.creators@gmail.com","author_link":"https:\/\/weblabcreators.com\/es\/author\/weblab-creatorsgmail-com\/"},"uagb_comment_info":0,"uagb_excerpt":"Pol\u00edtica de Privacidad\u00a0 En www.weblabcreatros.com nos comprometemos a proteger la privacidad de nuestros usuarios. Esta Pol\u00edtica de Privacidad explica c\u00f3mo recopilamos, usamos y protegemos la informaci\u00f3n personal que nos proporcionas. Informaci\u00f3n que recopilamos Recopilamos informaci\u00f3n personal de forma voluntaria cuando te registras, comentas o te comunicas con nosotros. Esto puede incluir tu nombre, correo electr\u00f3nico&hellip;","_links":{"self":[{"href":"https:\/\/weblabcreators.com\/es\/wp-json\/wp\/v2\/pages\/3","targetHints":{"allow":["GET"]}}],"collection":[{"href":"https:\/\/weblabcreators.com\/es\/wp-json\/wp\/v2\/pages"}],"about":[{"href":"https:\/\/weblabcreators.com\/es\/wp-json\/wp\/v2\/types\/page"}],"author":[{"embeddable":true,"href":"https:\/\/weblabcreators.com\/es\/wp-json\/wp\/v2\/users\/1"}],"replies":[{"embeddable":true,"href":"https:\/\/weblabcreators.com\/es\/wp-json\/wp\/v2\/comments?post=3"}],"version-history":[{"count":15,"href":"https:\/\/weblabcreators.com\/es\/wp-json\/wp\/v2\/pages\/3\/revisions"}],"predecessor-version":[{"id":5555,"href":"https:\/\/weblabcreators.com\/es\/wp-json\/wp\/v2\/pages\/3\/revisions\/5555"}],"wp:attachment":[{"href":"https:\/\/weblabcreators.com\/es\/wp-json\/wp\/v2\/media?parent=3"}],"curies":[{"name":"wp","href":"https:\/\/api.w.org\/{rel}","templated":true}]}}