{"id":4586,"date":"2025-10-30T01:47:44","date_gmt":"2025-10-30T01:47:44","guid":{"rendered":"https:\/\/weblabcreators.com\/?page_id=4586"},"modified":"2026-01-09T20:30:02","modified_gmt":"2026-01-09T20:30:02","slug":"politica-de-cookies","status":"publish","type":"page","link":"https:\/\/weblabcreators.com\/es\/politica-de-cookies\/","title":{"rendered":"Pol\u00edtica de Cookies"},"content":{"rendered":"\t\t<div data-elementor-type=\"wp-page\" data-elementor-id=\"4586\" class=\"elementor elementor-4586\">\n\t\t\t\t<div class=\"elementor-element elementor-element-6bc09af5 e-flex e-con-boxed e-con e-parent\" data-id=\"6bc09af5\" data-element_type=\"container\" data-e-type=\"container\">\n\t\t\t\t\t<div class=\"e-con-inner\">\n\t\t\t\t<div class=\"elementor-element elementor-element-7fa7027c elementor-widget elementor-widget-text-editor\" data-id=\"7fa7027c\" data-element_type=\"widget\" data-e-type=\"widget\" data-widget_type=\"text-editor.default\">\n\t\t\t\t<div class=\"elementor-widget-container\">\n\t\t\t\t\t\t\t\t\t<p style=\"text-align: center;\"><strong>Pol\u00edtica de Cookies<\/strong>\u00a0<\/p><p>\u00a0<\/p><p>Este <a href=\"https:\/\/weblabcreators.com\/es\/marketing-de-contenidos-en-2026-analisis-datos-y-recomendaciones\/\">sitio web<\/a> utiliza cookies propias y de terceros para mejorar la experiencia de navegaci\u00f3n, ofrecer contenidos personalizados y mostrar anuncios relevantes a trav\u00e9s de Google AdSense.\u00a0<\/p><p>\u00a0<\/p><p style=\"text-align: center;\"><strong>\u00bfQu\u00e9 son las cookies?<\/strong>\u00a0<\/p><p>\u00a0<\/p><p>Las cookies son peque\u00f1os archivos que se almacenan en tu dispositivo al visitar una p\u00e1gina web. Sirven para recordar tus preferencias y facilitar tu navegaci\u00f3n.\u00a0<\/p><p>\u00a0<\/p><p><strong>Tipos de cookies que usamos:<\/strong>\u00a0<\/p><p>\u00a0<\/p><ul><li><strong>Cookies t\u00e9cnicas<\/strong>: necesarias para el funcionamiento del sitio.\u00a0<\/li><\/ul><ul><li><strong>Cookies de an\u00e1lisis<\/strong>: recopilan datos estad\u00edsticos sobre el uso del sitio (por ejemplo, con Google Analytics).\u00a0<\/li><\/ul><ul><li><strong>Cookies publicitarias<\/strong>: permiten mostrar anuncios personalizados mediante servicios como Google AdSense.<\/li><\/ul><p><strong>Google Analytics<\/strong><\/p><p>\u00a0<\/p><p>Este sitio web utiliza Google Analytics, un servicio de an\u00e1lisis web proporcionado por Google Inc. Google Analytics utiliza cookies para ayudar a analizar c\u00f3mo los usuarios utilizan el sitio. La informaci\u00f3n que genera la cookie acerca del uso del sitio web (incluyendo la direcci\u00f3n IP del usuario, de forma anonimizada) ser\u00e1 directamente transmitida y archivada por Google en sus servidores en Estados Unidos.\u00a0<\/p><p>Google usar\u00e1 esta informaci\u00f3n por cuenta nuestra con el prop\u00f3sito de evaluar el uso del sitio, recopilar informes de la actividad del sitio web y prestar otros servicios relacionados con la actividad del sitio y el uso de Internet.\u00a0<\/p><p>Puede obtener m\u00e1s informaci\u00f3n sobre las cookies de Google Analytics y c\u00f3mo desactivarlas en:\u00a0<br \/><a href=\"https:\/\/tools.google.com\/dlpage\/gaoptout\" target=\"_blank\" rel=\"noopener\">https:\/\/tools.google.com\/dlpage\/gaoptout<\/a><\/p><p>\u00a0<\/p><p><strong>Facebook\u00a0<\/strong>\u00a0<\/p><p>Este sitio puede utilizar Facebook Pixel, una herramienta de seguimiento proporcionada por Meta Platforms Inc., que permite analizar las acciones de los usuarios luego de interactuar con nuestros anuncios en Facebook e Instagram.\u00a0<\/p><p>Esta herramienta nos ayuda a medir la efectividad de nuestras campa\u00f1as publicitarias y optimizar nuestros anuncios. Facebook puede usar cookies para asociar los datos recogidos en nuestro sitio con su propia plataforma.\u00a0<\/p><p>Puede obtener m\u00e1s informaci\u00f3n sobre c\u00f3mo Facebook recopila y procesa datos aqu\u00ed:\u00a0<br \/><a href=\"https:\/\/www.facebook.com\/about\/privacy\" target=\"_blank\" rel=\"noopener\">https:\/\/www.facebook.com\/about\/privacy<\/a>\u00a0<\/p><p>\u00a0<\/p><p><strong>YouTube<\/strong>\u00a0<\/p><p>Este sitio puede incluir contenido incrustado desde YouTube (por ejemplo, videos). YouTube puede establecer cookies cuando el usuario interact\u00faa con estos videos, incluso si no ha iniciado sesi\u00f3n en su cuenta de Google.\u00a0<\/p><p>Estas cookies pueden utilizarse para rastrear el uso del video, registrar estad\u00edsticas y personalizar contenido.\u00a0<br \/>Para m\u00e1s informaci\u00f3n sobre c\u00f3mo Google gestiona los datos recogidos mediante YouTube, consulte:\u00a0<br \/><a href=\"https:\/\/policies.google.com\/technologies\/cookies\" target=\"_blank\" rel=\"noopener\">https:\/\/policies.google.com\/technologies\/cookies<\/a>\u00a0<\/p><p>\u00a0<\/p><p><strong>\u00bfC\u00f3mo puedes controlar las cookies?<\/strong>\u00a0<\/p><p>Puedes configurar tu navegador para aceptar, rechazar o eliminar cookies. Ten en cuenta que desactivar cookies puede afectar el funcionamiento del sitio.\u00a0<\/p><p>Para m\u00e1s informaci\u00f3n sobre la publicidad de Google, puedes visitar:\u00a0<\/p><p><a href=\"https:\/\/policies.google.com\/technologies\/ads\" target=\"_blank\" rel=\"noopener\">https:\/\/policies.google.com\/technologies\/ads<\/a><\/p><p>\u00a0<\/p><p><strong>Aceptaci\u00f3n de cookies<\/strong>\u00a0<\/p><p>Al continuar navegando en este sitio, aceptas el uso de cookies conforme a esta pol\u00edtica.\u00a0<\/p><p>\u00a0<\/p>\t\t\t\t\t\t\t\t<\/div>\n\t\t\t\t<\/div>\n\t\t\t\t\t<\/div>\n\t\t\t\t<\/div>\n\t\t\t\t<\/div>\n\t\t","protected":false},"excerpt":{"rendered":"<p>Pol\u00edtica de Cookies Este sitio web utiliza cookies propias y de terceros para mejorar la experiencia de navegaci\u00f3n, ofrecer contenidos personalizados y mostrar anuncios relevantes a trav\u00e9s de Google AdSense. \u00bfQu\u00e9 son las cookies? Las cookies son peque\u00f1os archivos que se almacenan en tu dispositivo al visitar una p\u00e1gina web. Sirven para recordar tus preferencias [&hellip;]<\/p>\n","protected":false},"author":1,"featured_media":0,"parent":0,"menu_order":0,"comment_status":"closed","ping_status":"open","template":"","meta":{"_uag_custom_page_level_css":"","site-sidebar-layout":"default","site-content-layout":"","ast-site-content-layout":"default","site-content-style":"default","site-sidebar-style":"default","ast-global-header-display":"","ast-banner-title-visibility":"","ast-main-header-display":"","ast-hfb-above-header-display":"","ast-hfb-below-header-display":"","ast-hfb-mobile-header-display":"","site-post-title":"disabled","ast-breadcrumbs-content":"","ast-featured-img":"","footer-sml-layout":"","theme-transparent-header-meta":"default","adv-header-id-meta":"","stick-header-meta":"","header-above-stick-meta":"","header-main-stick-meta":"","header-below-stick-meta":"","astra-migrate-meta-layouts":"set","ast-page-background-enabled":"default","ast-page-background-meta":{"desktop":{"background-color":"var(--ast-global-color-4)","background-image":"","background-repeat":"repeat","background-position":"center center","background-size":"auto","background-attachment":"scroll","background-type":"","background-media":"","overlay-type":"","overlay-color":"","overlay-opacity":"","overlay-gradient":""},"tablet":{"background-color":"","background-image":"","background-repeat":"repeat","background-position":"center center","background-size":"auto","background-attachment":"scroll","background-type":"","background-media":"","overlay-type":"","overlay-color":"","overlay-opacity":"","overlay-gradient":""},"mobile":{"background-color":"","background-image":"","background-repeat":"repeat","background-position":"center center","background-size":"auto","background-attachment":"scroll","background-type":"","background-media":"","overlay-type":"","overlay-color":"","overlay-opacity":"","overlay-gradient":""}},"ast-content-background-meta":{"desktop":{"background-color":"var(--ast-global-color-5)","background-image":"","background-repeat":"repeat","background-position":"center center","background-size":"auto","background-attachment":"scroll","background-type":"","background-media":"","overlay-type":"","overlay-color":"","overlay-opacity":"","overlay-gradient":""},"tablet":{"background-color":"var(--ast-global-color-5)","background-image":"","background-repeat":"repeat","background-position":"center center","background-size":"auto","background-attachment":"scroll","background-type":"","background-media":"","overlay-type":"","overlay-color":"","overlay-opacity":"","overlay-gradient":""},"mobile":{"background-color":"var(--ast-global-color-5)","background-image":"","background-repeat":"repeat","background-position":"center center","background-size":"auto","background-attachment":"scroll","background-type":"","background-media":"","overlay-type":"","overlay-color":"","overlay-opacity":"","overlay-gradient":""}},"footnotes":""},"class_list":["post-4586","page","type-page","status-publish","hentry"],"_hostinger_reach_plugin_has_subscription_block":false,"_hostinger_reach_plugin_is_elementor":false,"uagb_featured_image_src":{"full":false,"thumbnail":false,"medium":false,"medium_large":false,"large":false,"1536x1536":false,"2048x2048":false,"trp-custom-language-flag":false},"uagb_author_info":{"display_name":"weblab.creators@gmail.com","author_link":"https:\/\/weblabcreators.com\/es\/author\/weblab-creatorsgmail-com\/"},"uagb_comment_info":0,"uagb_excerpt":"Pol\u00edtica de Cookies Este sitio web utiliza cookies propias y de terceros para mejorar la experiencia de navegaci\u00f3n, ofrecer contenidos personalizados y mostrar anuncios relevantes a trav\u00e9s de Google AdSense. \u00bfQu\u00e9 son las cookies? Las cookies son peque\u00f1os archivos que se almacenan en tu dispositivo al visitar una p\u00e1gina web. Sirven para recordar tus preferencias&hellip;","_links":{"self":[{"href":"https:\/\/weblabcreators.com\/es\/wp-json\/wp\/v2\/pages\/4586","targetHints":{"allow":["GET"]}}],"collection":[{"href":"https:\/\/weblabcreators.com\/es\/wp-json\/wp\/v2\/pages"}],"about":[{"href":"https:\/\/weblabcreators.com\/es\/wp-json\/wp\/v2\/types\/page"}],"author":[{"embeddable":true,"href":"https:\/\/weblabcreators.com\/es\/wp-json\/wp\/v2\/users\/1"}],"replies":[{"embeddable":true,"href":"https:\/\/weblabcreators.com\/es\/wp-json\/wp\/v2\/comments?post=4586"}],"version-history":[{"count":6,"href":"https:\/\/weblabcreators.com\/es\/wp-json\/wp\/v2\/pages\/4586\/revisions"}],"predecessor-version":[{"id":5552,"href":"https:\/\/weblabcreators.com\/es\/wp-json\/wp\/v2\/pages\/4586\/revisions\/5552"}],"wp:attachment":[{"href":"https:\/\/weblabcreators.com\/es\/wp-json\/wp\/v2\/media?parent=4586"}],"curies":[{"name":"wp","href":"https:\/\/api.w.org\/{rel}","templated":true}]}}